{"id":3153,"date":"2013-10-11T09:51:37","date_gmt":"2013-10-11T07:51:37","guid":{"rendered":"http:\/\/bikramyogaparis.com\/site\/?page_id=3153"},"modified":"2020-01-23T21:57:37","modified_gmt":"2020-01-23T20:57:37","slug":"video","status":"publish","type":"page","link":"https:\/\/www.bikramyogaparis.com\/en\/yoga-bikram\/video\/","title":{"rendered":"Yoga Bikram en Vid\u00e9o"},"content":{"rendered":"[spb_row element_name=&#8221;Row&#8221; wrap_type=&#8221;content-width&#8221; parallax_image_height=&#8221;content-height&#8221; parallax_image_movement=&#8221;fixed&#8221; parallax_image_speed=&#8221;0.5&#8243; bg_video_loop=&#8221;yes&#8221; parallax_video_height=&#8221;window-height&#8221; parallax_video_overlay=&#8221;none&#8221; row_overlay_opacity=&#8221;0&#8243; row_col_pos=&#8221;default&#8221; width=&#8221;1\/1&#8243; el_position=&#8221;first last&#8221;] [spb_text_block animation=&#8221;none&#8221; animation_delay=&#8221;0&#8243; simplified_controls=&#8221;yes&#8221; custom_css_percentage=&#8221;no&#8221; padding_vertical=&#8221;0&#8243; padding_horizontal=&#8221;0&#8243; margin_vertical=&#8221;0&#8243; border_size=&#8221;0&#8243; border_styling_global=&#8221;default&#8221; width=&#8221;1\/1&#8243; el_position=&#8221;first last&#8221;]\n<h1>Yoga Bikram en Vid\u00e9o<\/h1>\n<h3>D\u00e9couvrez la pratique du yoga bikram, le hot yoga original en vid\u00e9o.<\/h3>\n<p>Ce film a \u00e9t\u00e9 tourn\u00e9 dans notre centre <a href=\"http:\/\/bikramyogaparis.com\/yoga-bikram-marais\/\">Yoga Bikram du marais<\/a>. Un grand merci \u00e0 tous nos \u00e9l\u00e8ves et <a href=\"http:\/\/bikramyogaparis.com\/lequipe\/\">professeurs<\/a> qui ont particip\u00e9 \u00e0 la r\u00e9alisation de cette vid\u00e9o !<\/p>\n<p><iframe loading=\"lazy\" src=\"https:\/\/www.youtube.com\/embed\/Y2EMiBJ4qeE\" width=\"560\" height=\"315\" frameborder=\"0\" allowfullscreen=\"allowfullscreen\"><\/iframe><\/p>\n[\/spb_text_block] [\/spb_row]\n","protected":false},"excerpt":{"rendered":"<p>[spb_row element_name=&#8221;Row&#8221; wrap_type=&#8221;content-width&#8221; parallax_image_height=&#8221;content-height&#8221; parallax_image_movement=&#8221;fixed&#8221; parallax_image_speed=&#8221;0.5&#8243; bg_video_loop=&#8221;yes&#8221; parallax_video_height=&#8221;window-height&#8221; parallax_video_overlay=&#8221;none&#8221; row_overlay_opacity=&#8221;0&#8243; row_col_pos=&#8221;default&#8221; width=&#8221;1\/1&#8243; el_position=&#8221;first last&#8221;] [spb_text_block animation=&#8221;none&#8221; animation_delay=&#8221;0&#8243; simplified_controls=&#8221;yes&#8221; custom_css_percentage=&#8221;no&#8221; padding_vertical=&#8221;0&#8243; padding_horizontal=&#8221;0&#8243; margin_vertical=&#8221;0&#8243; border_size=&#8221;0&#8243; border_styling_global=&#8221;default&#8221; width=&#8221;1\/1&#8243; el_position=&#8221;first last&#8221;] Yoga Bikram en Vid\u00e9o D\u00e9couvrez la pratique du yoga bikram, le hot yoga original en vid\u00e9o. Ce film a \u00e9t\u00e9 tourn\u00e9 dans notre centre Yoga Bikram du marais. Un grand merci \u00e0 tous [&hellip;]<\/p>\n","protected":false},"author":1,"featured_media":0,"parent":161,"menu_order":0,"comment_status":"open","ping_status":"open","template":"template-blank1fw.php","meta":{"_acf_changed":false,"_monsterinsights_skip_tracking":false,"_monsterinsights_sitenote_active":false,"_monsterinsights_sitenote_note":"","_monsterinsights_sitenote_category":0,"footnotes":""},"class_list":["post-3153","page","type-page","status-publish","hentry"],"acf":[],"yoast_head":"<!-- This site is optimized with the Yoast SEO plugin v25.0 - https:\/\/yoast.com\/wordpress\/plugins\/seo\/ -->\n<title>D\u00e9couvrez la pratique du yoga Bbkram ou hot yoga en vid\u00e9o<\/title>\n<meta name=\"description\" content=\"yoga bikram, hot yoga ou yoga chaud est une s\u00e9rie de 26 positions sur 90 min par 40\u00b0 pour tous. Vid\u00e9o tourn\u00e9e au centre yoga bikram Paris du marais.\" \/>\n<meta name=\"robots\" content=\"index, follow, max-snippet:-1, max-image-preview:large, max-video-preview:-1\" \/>\n<link rel=\"canonical\" href=\"https:\/\/www.bikramyogaparis.com\/en\/yoga-bikram\/video\/\" \/>\n<meta property=\"og:locale\" content=\"en_US\" \/>\n<meta property=\"og:type\" content=\"article\" \/>\n<meta property=\"og:title\" content=\"D\u00e9couvrez la pratique du yoga Bikram, le hot yoga original en vid\u00e9o.\" \/>\n<meta property=\"og:description\" content=\"Yoga Bikram, hot yoga ou yoga chaud est une s\u00e9rie de 26 positions sur 90 min par 40\u00b0 pour tous. Vid\u00e9o tourn\u00e9e au centre Yoga Bikram Paris du marais.\" \/>\n<meta property=\"og:url\" content=\"https:\/\/www.bikramyogaparis.com\/en\/yoga-bikram\/video\/\" \/>\n<meta property=\"og:site_name\" content=\"YOGA BIKRAM PARIS\" \/>\n<meta property=\"article:modified_time\" content=\"2020-01-23T20:57:37+00:00\" \/>\n<meta name=\"twitter:label1\" content=\"Est. reading time\" \/>\n\t<meta name=\"twitter:data1\" content=\"1 minute\" \/>\n<script type=\"application\/ld+json\" class=\"yoast-schema-graph\">{\"@context\":\"https:\/\/schema.org\",\"@graph\":[{\"@type\":\"WebPage\",\"@id\":\"https:\/\/www.bikramyogaparis.com\/en\/yoga-bikram\/video\/\",\"url\":\"https:\/\/www.bikramyogaparis.com\/en\/yoga-bikram\/video\/\",\"name\":\"D\u00e9couvrez la pratique du yoga Bbkram ou hot yoga en vid\u00e9o\",\"isPartOf\":{\"@id\":\"https:\/\/www.bikramyogaparis.com\/en\/#website\"},\"datePublished\":\"2013-10-11T07:51:37+00:00\",\"dateModified\":\"2020-01-23T20:57:37+00:00\",\"description\":\"yoga bikram, hot yoga ou yoga chaud est une s\u00e9rie de 26 positions sur 90 min par 40\u00b0 pour tous. Vid\u00e9o tourn\u00e9e au centre yoga bikram Paris du marais.\",\"breadcrumb\":{\"@id\":\"https:\/\/www.bikramyogaparis.com\/en\/yoga-bikram\/video\/#breadcrumb\"},\"inLanguage\":\"en-US\",\"potentialAction\":[{\"@type\":\"ReadAction\",\"target\":[\"https:\/\/www.bikramyogaparis.com\/en\/yoga-bikram\/video\/\"]}]},{\"@type\":\"BreadcrumbList\",\"@id\":\"https:\/\/www.bikramyogaparis.com\/en\/yoga-bikram\/video\/#breadcrumb\",\"itemListElement\":[{\"@type\":\"ListItem\",\"position\":1,\"name\":\"Home\",\"item\":\"https:\/\/www.bikramyogaparis.com\/en\/\"},{\"@type\":\"ListItem\",\"position\":2,\"name\":\"Yoga Bikram\",\"item\":\"https:\/\/www.bikramyogaparis.com\/en\/yoga-bikram\/\"},{\"@type\":\"ListItem\",\"position\":3,\"name\":\"Yoga Bikram en Vid\u00e9o\"}]},{\"@type\":\"WebSite\",\"@id\":\"https:\/\/www.bikramyogaparis.com\/en\/#website\",\"url\":\"https:\/\/www.bikramyogaparis.com\/en\/\",\"name\":\"YOGA BIKRAM PARIS\",\"description\":\"THE ORIGINAL HOT YOGA\",\"publisher\":{\"@id\":\"https:\/\/www.bikramyogaparis.com\/en\/#organization\"},\"potentialAction\":[{\"@type\":\"SearchAction\",\"target\":{\"@type\":\"EntryPoint\",\"urlTemplate\":\"https:\/\/www.bikramyogaparis.com\/en\/?s={search_term_string}\"},\"query-input\":{\"@type\":\"PropertyValueSpecification\",\"valueRequired\":true,\"valueName\":\"search_term_string\"}}],\"inLanguage\":\"en-US\"},{\"@type\":\"Organization\",\"@id\":\"https:\/\/www.bikramyogaparis.com\/en\/#organization\",\"name\":\"Yoga Bikram Paris\",\"url\":\"https:\/\/www.bikramyogaparis.com\/en\/\",\"logo\":{\"@type\":\"ImageObject\",\"inLanguage\":\"en-US\",\"@id\":\"https:\/\/www.bikramyogaparis.com\/en\/#\/schema\/logo\/image\/\",\"url\":\"https:\/\/www.bikramyogaparis.com\/site\/wp-content\/uploads\/2014\/07\/LogoYBPBleu-2.png\",\"contentUrl\":\"https:\/\/www.bikramyogaparis.com\/site\/wp-content\/uploads\/2014\/07\/LogoYBPBleu-2.png\",\"width\":425,\"height\":85,\"caption\":\"Yoga Bikram Paris\"},\"image\":{\"@id\":\"https:\/\/www.bikramyogaparis.com\/en\/#\/schema\/logo\/image\/\"},\"sameAs\":[\"http:\/\/instagram.com\/yogabikramparis\"]}]}<\/script>\n<!-- \/ Yoast SEO plugin. -->","yoast_head_json":{"title":"D\u00e9couvrez la pratique du yoga Bbkram ou hot yoga en vid\u00e9o","description":"yoga bikram, hot yoga ou yoga chaud est une s\u00e9rie de 26 positions sur 90 min par 40\u00b0 pour tous. Vid\u00e9o tourn\u00e9e au centre yoga bikram Paris du marais.","robots":{"index":"index","follow":"follow","max-snippet":"max-snippet:-1","max-image-preview":"max-image-preview:large","max-video-preview":"max-video-preview:-1"},"canonical":"https:\/\/www.bikramyogaparis.com\/en\/yoga-bikram\/video\/","og_locale":"en_US","og_type":"article","og_title":"D\u00e9couvrez la pratique du yoga Bikram, le hot yoga original en vid\u00e9o.","og_description":"Yoga Bikram, hot yoga ou yoga chaud est une s\u00e9rie de 26 positions sur 90 min par 40\u00b0 pour tous. Vid\u00e9o tourn\u00e9e au centre Yoga Bikram Paris du marais.","og_url":"https:\/\/www.bikramyogaparis.com\/en\/yoga-bikram\/video\/","og_site_name":"YOGA BIKRAM PARIS","article_modified_time":"2020-01-23T20:57:37+00:00","twitter_misc":{"Est. reading time":"1 minute"},"schema":{"@context":"https:\/\/schema.org","@graph":[{"@type":"WebPage","@id":"https:\/\/www.bikramyogaparis.com\/en\/yoga-bikram\/video\/","url":"https:\/\/www.bikramyogaparis.com\/en\/yoga-bikram\/video\/","name":"D\u00e9couvrez la pratique du yoga Bbkram ou hot yoga en vid\u00e9o","isPartOf":{"@id":"https:\/\/www.bikramyogaparis.com\/en\/#website"},"datePublished":"2013-10-11T07:51:37+00:00","dateModified":"2020-01-23T20:57:37+00:00","description":"yoga bikram, hot yoga ou yoga chaud est une s\u00e9rie de 26 positions sur 90 min par 40\u00b0 pour tous. Vid\u00e9o tourn\u00e9e au centre yoga bikram Paris du marais.","breadcrumb":{"@id":"https:\/\/www.bikramyogaparis.com\/en\/yoga-bikram\/video\/#breadcrumb"},"inLanguage":"en-US","potentialAction":[{"@type":"ReadAction","target":["https:\/\/www.bikramyogaparis.com\/en\/yoga-bikram\/video\/"]}]},{"@type":"BreadcrumbList","@id":"https:\/\/www.bikramyogaparis.com\/en\/yoga-bikram\/video\/#breadcrumb","itemListElement":[{"@type":"ListItem","position":1,"name":"Home","item":"https:\/\/www.bikramyogaparis.com\/en\/"},{"@type":"ListItem","position":2,"name":"Yoga Bikram","item":"https:\/\/www.bikramyogaparis.com\/en\/yoga-bikram\/"},{"@type":"ListItem","position":3,"name":"Yoga Bikram en Vid\u00e9o"}]},{"@type":"WebSite","@id":"https:\/\/www.bikramyogaparis.com\/en\/#website","url":"https:\/\/www.bikramyogaparis.com\/en\/","name":"YOGA BIKRAM PARIS","description":"THE ORIGINAL HOT YOGA","publisher":{"@id":"https:\/\/www.bikramyogaparis.com\/en\/#organization"},"potentialAction":[{"@type":"SearchAction","target":{"@type":"EntryPoint","urlTemplate":"https:\/\/www.bikramyogaparis.com\/en\/?s={search_term_string}"},"query-input":{"@type":"PropertyValueSpecification","valueRequired":true,"valueName":"search_term_string"}}],"inLanguage":"en-US"},{"@type":"Organization","@id":"https:\/\/www.bikramyogaparis.com\/en\/#organization","name":"Yoga Bikram Paris","url":"https:\/\/www.bikramyogaparis.com\/en\/","logo":{"@type":"ImageObject","inLanguage":"en-US","@id":"https:\/\/www.bikramyogaparis.com\/en\/#\/schema\/logo\/image\/","url":"https:\/\/www.bikramyogaparis.com\/site\/wp-content\/uploads\/2014\/07\/LogoYBPBleu-2.png","contentUrl":"https:\/\/www.bikramyogaparis.com\/site\/wp-content\/uploads\/2014\/07\/LogoYBPBleu-2.png","width":425,"height":85,"caption":"Yoga Bikram Paris"},"image":{"@id":"https:\/\/www.bikramyogaparis.com\/en\/#\/schema\/logo\/image\/"},"sameAs":["http:\/\/instagram.com\/yogabikramparis"]}]}},"_links":{"self":[{"href":"https:\/\/www.bikramyogaparis.com\/en\/wp-json\/wp\/v2\/pages\/3153","targetHints":{"allow":["GET"]}}],"collection":[{"href":"https:\/\/www.bikramyogaparis.com\/en\/wp-json\/wp\/v2\/pages"}],"about":[{"href":"https:\/\/www.bikramyogaparis.com\/en\/wp-json\/wp\/v2\/types\/page"}],"author":[{"embeddable":true,"href":"https:\/\/www.bikramyogaparis.com\/en\/wp-json\/wp\/v2\/users\/1"}],"replies":[{"embeddable":true,"href":"https:\/\/www.bikramyogaparis.com\/en\/wp-json\/wp\/v2\/comments?post=3153"}],"version-history":[{"count":0,"href":"https:\/\/www.bikramyogaparis.com\/en\/wp-json\/wp\/v2\/pages\/3153\/revisions"}],"up":[{"embeddable":true,"href":"https:\/\/www.bikramyogaparis.com\/en\/wp-json\/wp\/v2\/pages\/161"}],"wp:attachment":[{"href":"https:\/\/www.bikramyogaparis.com\/en\/wp-json\/wp\/v2\/media?parent=3153"}],"curies":[{"name":"wp","href":"https:\/\/api.w.org\/{rel}","templated":true}]}}