{"id":3930,"date":"2013-10-10T22:41:51","date_gmt":"2013-10-10T20:41:51","guid":{"rendered":"http:\/\/bikramyogaparis.com\/?page_id=3930"},"modified":"2018-06-20T13:01:10","modified_gmt":"2018-06-20T11:01:10","slug":"galeries-2","status":"publish","type":"page","link":"https:\/\/www.bikramyogaparis.com\/en\/galeries-2\/","title":{"rendered":"Pictures and videos"},"content":{"rendered":"[spb_row element_name=&#8221;Row&#8221; wrap_type=&#8221;full-width-stretch&#8221; row_bg_type=&#8221;image&#8221; color_row_height=&#8221;content-height&#8221; bg_image=&#8221;12581&#8243; bg_type=&#8221;cover&#8221; parallax_image_height=&#8221;content-height&#8221; parallax_image_movement=&#8221;fixed&#8221; parallax_image_speed=&#8221;standard&#8221; bg_video_loop=&#8221;yes&#8221; parallax_video_height=&#8221;window-height&#8221; row_top_style=&#8221;none&#8221; row_bottom_style=&#8221;slant-rtl&#8221; parallax_video_overlay=&#8221;none&#8221; row_overlay_opacity=&#8221;0&#8243; remove_element_spacing=&#8221;no&#8221; row_col_spacing=&#8221;0&#8243; row_col_pos=&#8221;default&#8221; row_col_equal_heights=&#8221;no&#8221; row_expanding=&#8221;no&#8221; row_animation=&#8221;none&#8221; row_animation_delay=&#8221;0&#8243; minimize_row=&#8221;no&#8221; simplified_controls=&#8221;yes&#8221; custom_css_percentage=&#8221;no&#8221; custom_css=&#8221;margin-top: 0px;margin-bottom: 0px;&#8221; border_styling_global=&#8221;default&#8221; width=&#8221;1\/1&#8243; el_position=&#8221;first last&#8221;] [spb_text_block animation=&#8221;none&#8221; animation_delay=&#8221;0&#8243; simplified_controls=&#8221;yes&#8221; custom_css_percentage=&#8221;no&#8221; padding_vertical=&#8221;65&#8243; padding_horizontal=&#8221;33&#8243; margin_vertical=&#8221;0&#8243; custom_css=&#8221;margin-top: 0px;margin-bottom: 0px;padding-top: 65px;padding-left: 33px;padding-right: 33px;padding-bottom: 65px;&#8221; border_size=&#8221;0&#8243; border_styling_global=&#8221;default&#8221; el_class=&#8221;white_text&#8221; width=&#8221;1\/1&#8243; el_position=&#8221;first last&#8221;]\n<p><span style=\"font-size: 46px; font-weight: 800;\">PHOTOS \/ VIDEOS<\/span><\/p>\n[\/spb_text_block] [\/spb_row] [spb_row element_name=&#8221;Row&#8221; wrap_type=&#8221;full-width-contained&#8221; row_bg_type=&#8221;color&#8221; color_row_height=&#8221;content-height&#8221; bg_type=&#8221;cover&#8221; parallax_image_height=&#8221;content-height&#8221; parallax_image_movement=&#8221;fixed&#8221; parallax_image_speed=&#8221;standard&#8221; bg_video_loop=&#8221;yes&#8221; parallax_video_height=&#8221;window-height&#8221; row_top_style=&#8221;none&#8221; row_bottom_style=&#8221;none&#8221; parallax_video_overlay=&#8221;none&#8221; row_overlay_opacity=&#8221;0&#8243; remove_element_spacing=&#8221;no&#8221; row_col_spacing=&#8221;0&#8243; row_col_pos=&#8221;default&#8221; row_col_equal_heights=&#8221;no&#8221; row_expanding=&#8221;no&#8221; row_animation=&#8221;none&#8221; row_animation_delay=&#8221;0&#8243; minimize_row=&#8221;no&#8221; simplified_controls=&#8221;yes&#8221; custom_css_percentage=&#8221;no&#8221; custom_css=&#8221;margin-top: 0px;margin-bottom: 0px;&#8221; border_styling_global=&#8221;default&#8221; width=&#8221;1\/1&#8243; el_position=&#8221;first last&#8221;] [spb_text_block animation=&#8221;none&#8221; animation_delay=&#8221;0&#8243; simplified_controls=&#8221;yes&#8221; custom_css_percentage=&#8221;no&#8221; padding_vertical=&#8221;0&#8243; padding_horizontal=&#8221;0&#8243; margin_vertical=&#8221;0&#8243; custom_css=&#8221;margin-top: 0px;margin-bottom: 0px;&#8221; border_size=&#8221;0&#8243; border_styling_global=&#8221;default&#8221; width=&#8221;1\/1&#8243; el_position=&#8221;first last&#8221;]\n<h2>D\u00e9couvrez la pratique du yoga Bikram en photo et vid\u00e9o !<\/h2>\n[\/spb_text_block] [spb_image image=&#8221;13140&#8243; image_size=&#8221;full&#8221; frame=&#8221;noframe&#8221; caption_pos=&#8221;below&#8221; remove_rounded=&#8221;yes&#8221; fullwidth=&#8221;no&#8221; overflow_mode=&#8221;none&#8221; image_link=&#8221;\/galeries\/galeries-videos\/&#8221; link_target=&#8221;_self&#8221; lightbox=&#8221;no&#8221; intro_animation=&#8221;none&#8221; animation_delay=&#8221;200&#8243; width=&#8221;1\/2&#8243; el_position=&#8221;first&#8221;]\n<h1 style=\"text-align: center;\">VIDEO<\/h1>\n[\/spb_image] [spb_image image=&#8221;13143&#8243; image_size=&#8221;full&#8221; frame=&#8221;noframe&#8221; caption_pos=&#8221;below&#8221; remove_rounded=&#8221;yes&#8221; fullwidth=&#8221;no&#8221; overflow_mode=&#8221;none&#8221; image_link=&#8221;\/galeries\/galeries-photos\/&#8221; link_target=&#8221;_self&#8221; lightbox=&#8221;no&#8221; intro_animation=&#8221;none&#8221; animation_delay=&#8221;200&#8243; width=&#8221;1\/2&#8243; el_position=&#8221;last&#8221;]\n<h1 style=\"text-align: center;\">PHOTOS<\/h1>\n[\/spb_image] [\/spb_row]\n","protected":false},"excerpt":{"rendered":"<p>[spb_row element_name=&#8221;Row&#8221; wrap_type=&#8221;full-width-stretch&#8221; row_bg_type=&#8221;image&#8221; color_row_height=&#8221;content-height&#8221; bg_image=&#8221;12581&#8243; bg_type=&#8221;cover&#8221; parallax_image_height=&#8221;content-height&#8221; parallax_image_movement=&#8221;fixed&#8221; parallax_image_speed=&#8221;standard&#8221; bg_video_loop=&#8221;yes&#8221; parallax_video_height=&#8221;window-height&#8221; row_top_style=&#8221;none&#8221; row_bottom_style=&#8221;slant-rtl&#8221; parallax_video_overlay=&#8221;none&#8221; row_overlay_opacity=&#8221;0&#8243; remove_element_spacing=&#8221;no&#8221; row_col_spacing=&#8221;0&#8243; row_col_pos=&#8221;default&#8221; row_col_equal_heights=&#8221;no&#8221; row_expanding=&#8221;no&#8221; row_animation=&#8221;none&#8221; row_animation_delay=&#8221;0&#8243; minimize_row=&#8221;no&#8221; simplified_controls=&#8221;yes&#8221; custom_css_percentage=&#8221;no&#8221; custom_css=&#8221;margin-top: 0px;margin-bottom: 0px;&#8221; border_styling_global=&#8221;default&#8221; width=&#8221;1\/1&#8243; el_position=&#8221;first last&#8221;] [spb_text_block animation=&#8221;none&#8221; animation_delay=&#8221;0&#8243; simplified_controls=&#8221;yes&#8221; custom_css_percentage=&#8221;no&#8221; padding_vertical=&#8221;65&#8243; padding_horizontal=&#8221;33&#8243; margin_vertical=&#8221;0&#8243; custom_css=&#8221;margin-top: 0px;margin-bottom: 0px;padding-top: 65px;padding-left: 33px;padding-right: 33px;padding-bottom: 65px;&#8221; border_size=&#8221;0&#8243; border_styling_global=&#8221;default&#8221; el_class=&#8221;white_text&#8221; width=&#8221;1\/1&#8243; el_position=&#8221;first last&#8221;] PHOTOS \/ VIDEOS [\/spb_text_block] [\/spb_row] [spb_row [&hellip;]<\/p>\n","protected":false},"author":1,"featured_media":4826,"parent":0,"menu_order":0,"comment_status":"open","ping_status":"open","template":"","meta":{"_acf_changed":false,"_monsterinsights_skip_tracking":false,"_monsterinsights_sitenote_active":false,"_monsterinsights_sitenote_note":"","_monsterinsights_sitenote_category":0,"footnotes":""},"class_list":["post-3930","page","type-page","status-publish","has-post-thumbnail","hentry"],"acf":[],"yoast_head":"<!-- This site is optimized with the Yoast SEO plugin v25.0 - https:\/\/yoast.com\/wordpress\/plugins\/seo\/ -->\n<title>Pictures and videos - YOGA BIKRAM PARIS<\/title>\n<meta name=\"description\" content=\"Cours de yoga bikram, 90 mn la s\u00e9rie de 26 positions dans une salle chauff\u00e9e \u00e0 40 degr\u00e9s.\" \/>\n<meta name=\"robots\" content=\"index, follow, max-snippet:-1, max-image-preview:large, max-video-preview:-1\" \/>\n<link rel=\"canonical\" href=\"https:\/\/www.bikramyogaparis.com\/en\/galeries-2\/\" \/>\n<meta property=\"og:locale\" content=\"en_US\" \/>\n<meta property=\"og:type\" content=\"article\" \/>\n<meta property=\"og:title\" content=\"Pictures and videos - YOGA BIKRAM PARIS\" \/>\n<meta property=\"og:description\" content=\"Cours de yoga bikram, 90 mn la s\u00e9rie de 26 positions dans une salle chauff\u00e9e \u00e0 40 degr\u00e9s.\" \/>\n<meta property=\"og:url\" content=\"https:\/\/www.bikramyogaparis.com\/en\/galeries-2\/\" \/>\n<meta property=\"og:site_name\" content=\"YOGA BIKRAM PARIS\" \/>\n<meta property=\"article:modified_time\" content=\"2018-06-20T11:01:10+00:00\" \/>\n<meta property=\"og:image\" content=\"https:\/\/www.bikramyogaparis.com\/site\/wp-content\/uploads\/2013\/10\/galerie.jpg\" \/>\n\t<meta property=\"og:image:width\" content=\"960\" \/>\n\t<meta property=\"og:image:height\" content=\"350\" \/>\n\t<meta property=\"og:image:type\" content=\"image\/jpeg\" \/>\n<meta name=\"twitter:label1\" content=\"Est. reading time\" \/>\n\t<meta name=\"twitter:data1\" content=\"2 minutes\" \/>\n<script type=\"application\/ld+json\" class=\"yoast-schema-graph\">{\"@context\":\"https:\/\/schema.org\",\"@graph\":[{\"@type\":\"WebPage\",\"@id\":\"https:\/\/www.bikramyogaparis.com\/en\/galeries-2\/\",\"url\":\"https:\/\/www.bikramyogaparis.com\/en\/galeries-2\/\",\"name\":\"Pictures and videos - YOGA BIKRAM PARIS\",\"isPartOf\":{\"@id\":\"https:\/\/www.bikramyogaparis.com\/en\/#website\"},\"primaryImageOfPage\":{\"@id\":\"https:\/\/www.bikramyogaparis.com\/en\/galeries-2\/#primaryimage\"},\"image\":{\"@id\":\"https:\/\/www.bikramyogaparis.com\/en\/galeries-2\/#primaryimage\"},\"thumbnailUrl\":\"https:\/\/www.bikramyogaparis.com\/site\/wp-content\/uploads\/2013\/10\/galerie.jpg\",\"datePublished\":\"2013-10-10T20:41:51+00:00\",\"dateModified\":\"2018-06-20T11:01:10+00:00\",\"description\":\"Cours de yoga bikram, 90 mn la s\u00e9rie de 26 positions dans une salle chauff\u00e9e \u00e0 40 degr\u00e9s.\",\"breadcrumb\":{\"@id\":\"https:\/\/www.bikramyogaparis.com\/en\/galeries-2\/#breadcrumb\"},\"inLanguage\":\"en-US\",\"potentialAction\":[{\"@type\":\"ReadAction\",\"target\":[\"https:\/\/www.bikramyogaparis.com\/en\/galeries-2\/\"]}]},{\"@type\":\"ImageObject\",\"inLanguage\":\"en-US\",\"@id\":\"https:\/\/www.bikramyogaparis.com\/en\/galeries-2\/#primaryimage\",\"url\":\"https:\/\/www.bikramyogaparis.com\/site\/wp-content\/uploads\/2013\/10\/galerie.jpg\",\"contentUrl\":\"https:\/\/www.bikramyogaparis.com\/site\/wp-content\/uploads\/2013\/10\/galerie.jpg\",\"width\":960,\"height\":350},{\"@type\":\"BreadcrumbList\",\"@id\":\"https:\/\/www.bikramyogaparis.com\/en\/galeries-2\/#breadcrumb\",\"itemListElement\":[{\"@type\":\"ListItem\",\"position\":1,\"name\":\"Home\",\"item\":\"https:\/\/www.bikramyogaparis.com\/en\/\"},{\"@type\":\"ListItem\",\"position\":2,\"name\":\"Pictures and videos\"}]},{\"@type\":\"WebSite\",\"@id\":\"https:\/\/www.bikramyogaparis.com\/en\/#website\",\"url\":\"https:\/\/www.bikramyogaparis.com\/en\/\",\"name\":\"YOGA BIKRAM PARIS\",\"description\":\"THE ORIGINAL HOT YOGA\",\"publisher\":{\"@id\":\"https:\/\/www.bikramyogaparis.com\/en\/#organization\"},\"potentialAction\":[{\"@type\":\"SearchAction\",\"target\":{\"@type\":\"EntryPoint\",\"urlTemplate\":\"https:\/\/www.bikramyogaparis.com\/en\/?s={search_term_string}\"},\"query-input\":{\"@type\":\"PropertyValueSpecification\",\"valueRequired\":true,\"valueName\":\"search_term_string\"}}],\"inLanguage\":\"en-US\"},{\"@type\":\"Organization\",\"@id\":\"https:\/\/www.bikramyogaparis.com\/en\/#organization\",\"name\":\"Yoga Bikram Paris\",\"url\":\"https:\/\/www.bikramyogaparis.com\/en\/\",\"logo\":{\"@type\":\"ImageObject\",\"inLanguage\":\"en-US\",\"@id\":\"https:\/\/www.bikramyogaparis.com\/en\/#\/schema\/logo\/image\/\",\"url\":\"https:\/\/www.bikramyogaparis.com\/site\/wp-content\/uploads\/2014\/07\/LogoYBPBleu-2.png\",\"contentUrl\":\"https:\/\/www.bikramyogaparis.com\/site\/wp-content\/uploads\/2014\/07\/LogoYBPBleu-2.png\",\"width\":425,\"height\":85,\"caption\":\"Yoga Bikram Paris\"},\"image\":{\"@id\":\"https:\/\/www.bikramyogaparis.com\/en\/#\/schema\/logo\/image\/\"},\"sameAs\":[\"http:\/\/instagram.com\/yogabikramparis\"]}]}<\/script>\n<!-- \/ Yoast SEO plugin. -->","yoast_head_json":{"title":"Pictures and videos - YOGA BIKRAM PARIS","description":"Cours de yoga bikram, 90 mn la s\u00e9rie de 26 positions dans une salle chauff\u00e9e \u00e0 40 degr\u00e9s.","robots":{"index":"index","follow":"follow","max-snippet":"max-snippet:-1","max-image-preview":"max-image-preview:large","max-video-preview":"max-video-preview:-1"},"canonical":"https:\/\/www.bikramyogaparis.com\/en\/galeries-2\/","og_locale":"en_US","og_type":"article","og_title":"Pictures and videos - YOGA BIKRAM PARIS","og_description":"Cours de yoga bikram, 90 mn la s\u00e9rie de 26 positions dans une salle chauff\u00e9e \u00e0 40 degr\u00e9s.","og_url":"https:\/\/www.bikramyogaparis.com\/en\/galeries-2\/","og_site_name":"YOGA BIKRAM PARIS","article_modified_time":"2018-06-20T11:01:10+00:00","og_image":[{"width":960,"height":350,"url":"https:\/\/www.bikramyogaparis.com\/site\/wp-content\/uploads\/2013\/10\/galerie.jpg","type":"image\/jpeg"}],"twitter_misc":{"Est. reading time":"2 minutes"},"schema":{"@context":"https:\/\/schema.org","@graph":[{"@type":"WebPage","@id":"https:\/\/www.bikramyogaparis.com\/en\/galeries-2\/","url":"https:\/\/www.bikramyogaparis.com\/en\/galeries-2\/","name":"Pictures and videos - YOGA BIKRAM PARIS","isPartOf":{"@id":"https:\/\/www.bikramyogaparis.com\/en\/#website"},"primaryImageOfPage":{"@id":"https:\/\/www.bikramyogaparis.com\/en\/galeries-2\/#primaryimage"},"image":{"@id":"https:\/\/www.bikramyogaparis.com\/en\/galeries-2\/#primaryimage"},"thumbnailUrl":"https:\/\/www.bikramyogaparis.com\/site\/wp-content\/uploads\/2013\/10\/galerie.jpg","datePublished":"2013-10-10T20:41:51+00:00","dateModified":"2018-06-20T11:01:10+00:00","description":"Cours de yoga bikram, 90 mn la s\u00e9rie de 26 positions dans une salle chauff\u00e9e \u00e0 40 degr\u00e9s.","breadcrumb":{"@id":"https:\/\/www.bikramyogaparis.com\/en\/galeries-2\/#breadcrumb"},"inLanguage":"en-US","potentialAction":[{"@type":"ReadAction","target":["https:\/\/www.bikramyogaparis.com\/en\/galeries-2\/"]}]},{"@type":"ImageObject","inLanguage":"en-US","@id":"https:\/\/www.bikramyogaparis.com\/en\/galeries-2\/#primaryimage","url":"https:\/\/www.bikramyogaparis.com\/site\/wp-content\/uploads\/2013\/10\/galerie.jpg","contentUrl":"https:\/\/www.bikramyogaparis.com\/site\/wp-content\/uploads\/2013\/10\/galerie.jpg","width":960,"height":350},{"@type":"BreadcrumbList","@id":"https:\/\/www.bikramyogaparis.com\/en\/galeries-2\/#breadcrumb","itemListElement":[{"@type":"ListItem","position":1,"name":"Home","item":"https:\/\/www.bikramyogaparis.com\/en\/"},{"@type":"ListItem","position":2,"name":"Pictures and videos"}]},{"@type":"WebSite","@id":"https:\/\/www.bikramyogaparis.com\/en\/#website","url":"https:\/\/www.bikramyogaparis.com\/en\/","name":"YOGA BIKRAM PARIS","description":"THE ORIGINAL HOT YOGA","publisher":{"@id":"https:\/\/www.bikramyogaparis.com\/en\/#organization"},"potentialAction":[{"@type":"SearchAction","target":{"@type":"EntryPoint","urlTemplate":"https:\/\/www.bikramyogaparis.com\/en\/?s={search_term_string}"},"query-input":{"@type":"PropertyValueSpecification","valueRequired":true,"valueName":"search_term_string"}}],"inLanguage":"en-US"},{"@type":"Organization","@id":"https:\/\/www.bikramyogaparis.com\/en\/#organization","name":"Yoga Bikram Paris","url":"https:\/\/www.bikramyogaparis.com\/en\/","logo":{"@type":"ImageObject","inLanguage":"en-US","@id":"https:\/\/www.bikramyogaparis.com\/en\/#\/schema\/logo\/image\/","url":"https:\/\/www.bikramyogaparis.com\/site\/wp-content\/uploads\/2014\/07\/LogoYBPBleu-2.png","contentUrl":"https:\/\/www.bikramyogaparis.com\/site\/wp-content\/uploads\/2014\/07\/LogoYBPBleu-2.png","width":425,"height":85,"caption":"Yoga Bikram Paris"},"image":{"@id":"https:\/\/www.bikramyogaparis.com\/en\/#\/schema\/logo\/image\/"},"sameAs":["http:\/\/instagram.com\/yogabikramparis"]}]}},"_links":{"self":[{"href":"https:\/\/www.bikramyogaparis.com\/en\/wp-json\/wp\/v2\/pages\/3930","targetHints":{"allow":["GET"]}}],"collection":[{"href":"https:\/\/www.bikramyogaparis.com\/en\/wp-json\/wp\/v2\/pages"}],"about":[{"href":"https:\/\/www.bikramyogaparis.com\/en\/wp-json\/wp\/v2\/types\/page"}],"author":[{"embeddable":true,"href":"https:\/\/www.bikramyogaparis.com\/en\/wp-json\/wp\/v2\/users\/1"}],"replies":[{"embeddable":true,"href":"https:\/\/www.bikramyogaparis.com\/en\/wp-json\/wp\/v2\/comments?post=3930"}],"version-history":[{"count":0,"href":"https:\/\/www.bikramyogaparis.com\/en\/wp-json\/wp\/v2\/pages\/3930\/revisions"}],"wp:featuredmedia":[{"embeddable":true,"href":"https:\/\/www.bikramyogaparis.com\/en\/wp-json\/wp\/v2\/media\/4826"}],"wp:attachment":[{"href":"https:\/\/www.bikramyogaparis.com\/en\/wp-json\/wp\/v2\/media?parent=3930"}],"curies":[{"name":"wp","href":"https:\/\/api.w.org\/{rel}","templated":true}]}}